{"id":254,"date":"2025-03-28T16:23:38","date_gmt":"2025-03-28T15:23:38","guid":{"rendered":"https:\/\/mangathlon.com\/index.php\/be-pin-posts-3\/"},"modified":"2025-03-28T16:45:30","modified_gmt":"2025-03-28T15:45:30","slug":"be-pin-posts-3","status":"publish","type":"page","link":"https:\/\/mangathlon.com\/index.php\/be-pin-posts-3\/","title":{"rendered":"Concours"},"content":{"rendered":"\n<h1 class=\"wp-block-heading has-large-font-size\">Deux concours, deux mani\u00e8res de briller dans le Mangathlon 2026 ! <\/h1>\n\n\n\n<p>Le Mangathlon, c\u2019est bien plus qu\u2019un simple concours\u2026 c\u2019est un double d\u00e9fi cr\u00e9atif pour tous les jeunes passionn\u00e9s de dessin et de manga ! Que tu sois plut\u00f4t sc\u00e9nario long ou gag percutant, il y a une place pour toi.<\/p>\n\n\n\n<h2 class=\"wp-block-heading\">1. <strong>Concours Manga<\/strong><\/h2>\n\n\n\n<p>Tu as une histoire \u00e0 raconter ? Tu r\u00eaves de cr\u00e9er un v\u00e9ritable manga comme les pros ? Ce concours est pour toi !<\/p>\n\n\n\n<p><strong>Objectif :<\/strong> cr\u00e9er un manga complet de plusieurs planches (2 \u00e0 6 maximum) avec des personnages, un sc\u00e9nario, des dialogues, et bien s\u00fbr\u2026 des rebondissements !<\/p>\n\n\n\n<p><strong>Ce qu\u2019on attend :<\/strong><\/p>\n\n\n\n<ul class=\"wp-block-list\">\n<li>Une histoire originale (tous les genres sont accept\u00e9s !)<\/li>\n\n\n\n<li>Des planches bien construites (introduction, d\u00e9veloppement, fin)<\/li>\n\n\n\n<li>Un soin particulier \u00e0 la narration et \u00e0 l\u2019encha\u00eenement des cases.<\/li>\n<\/ul>\n\n\n\n<p><strong>Id\u00e9al pour toi si :<\/strong> tu aimes construire des univers et inventer des histoires riches.<\/p>\n\n\n\n<h2 class=\"wp-block-heading\"> 2. <strong>Concours Yonkoma<\/strong><\/h2>\n\n\n\n<p>Tu aimes les formats courts, dr\u00f4les, percutants ? Le Yonkoma est un format japonais de <strong>manga en 4 cases verticales<\/strong>, parfait pour l&rsquo;humour ou les petites sc\u00e8nes de vie !<\/p>\n\n\n\n<p> <strong>Objectif :<\/strong>  une mini-histoire en 4 cases seulement, avec une chute qui fait sourire, r\u00e9fl\u00e9chir ou surprendre.<\/p>\n\n\n\n<p><strong>Ce qu\u2019on attend :<\/strong><\/p>\n\n\n\n<ul class=\"wp-block-list\">\n<li>Un th\u00e8me clair et une situation bien pos\u00e9e<\/li>\n\n\n\n<li>Une chute efficace dans la derni\u00e8re case<\/li>\n\n\n\n<li>Un \u00e9quilibre entre texte et dessin<\/li>\n<\/ul>\n\n\n\n<p><strong>Id\u00e9al pour toi si :<\/strong> tu aimes faire rire, surprendre ou faire passer un message en peu de mots !<\/p>\n\n\n\n<h2 class=\"wp-block-heading\">Et si tu veux\u2026 tu peux m\u00eame participer aux deux concours !<\/h2>\n\n\n\n<p><strong>Rejoins l\u2019aventure. Cr\u00e9e. Partage. Brille.<\/strong><br><strong>Manga ou Yonkoma\u2026 \u00e0 toi de jouer !<\/strong><\/p>\n","protected":false},"excerpt":{"rendered":"<p>Deux concours, deux mani\u00e8res de briller dans le Mangathlon 2026 ! Le Mangathlon, c\u2019est bien plus qu\u2019un simple concours\u2026 c\u2019est un double d\u00e9fi cr\u00e9atif pour tous les jeunes passionn\u00e9s de dessin et de manga ! Que tu sois plut\u00f4t sc\u00e9nario long ou gag percutant, il y a une place pour <a href=\"https:\/\/mangathlon.com\/index.php\/be-pin-posts-3\/\" class=\"read-more\">Continue Reading<i class=\"ion-ios-arrow-right read-more-right\"><\/i><\/a><\/p>\n","protected":false},"author":1,"featured_media":0,"parent":0,"menu_order":0,"comment_status":"closed","ping_status":"closed","template":"","meta":{"footnotes":""},"class_list":["post-254","page","type-page","status-publish","hentry"],"_links":{"self":[{"href":"https:\/\/mangathlon.com\/index.php\/wp-json\/wp\/v2\/pages\/254","targetHints":{"allow":["GET"]}}],"collection":[{"href":"https:\/\/mangathlon.com\/index.php\/wp-json\/wp\/v2\/pages"}],"about":[{"href":"https:\/\/mangathlon.com\/index.php\/wp-json\/wp\/v2\/types\/page"}],"author":[{"embeddable":true,"href":"https:\/\/mangathlon.com\/index.php\/wp-json\/wp\/v2\/users\/1"}],"replies":[{"embeddable":true,"href":"https:\/\/mangathlon.com\/index.php\/wp-json\/wp\/v2\/comments?post=254"}],"version-history":[{"count":2,"href":"https:\/\/mangathlon.com\/index.php\/wp-json\/wp\/v2\/pages\/254\/revisions"}],"predecessor-version":[{"id":263,"href":"https:\/\/mangathlon.com\/index.php\/wp-json\/wp\/v2\/pages\/254\/revisions\/263"}],"wp:attachment":[{"href":"https:\/\/mangathlon.com\/index.php\/wp-json\/wp\/v2\/media?parent=254"}],"curies":[{"name":"wp","href":"https:\/\/api.w.org\/{rel}","templated":true}]}}