{"id":238,"date":"2025-03-28T15:58:28","date_gmt":"2025-03-28T14:58:28","guid":{"rendered":"https:\/\/mangathlon.com\/index.php\/be-pin-posts-2\/"},"modified":"2025-03-28T16:16:30","modified_gmt":"2025-03-28T15:16:30","slug":"be-pin-posts-2","status":"publish","type":"page","link":"https:\/\/mangathlon.com\/index.php\/be-pin-posts-2\/","title":{"rendered":"Inscription"},"content":{"rendered":"\n<h1 class=\"wp-block-heading has-large-font-size\">Tu aimes dessiner ? Tu lis des mangas ? Ce concours est fait pour toi ! <\/h1>\n\n\n\n<p>Tu passes des heures \u00e0 dessiner tes personnages ? Tu imagines des histoires dignes d\u2019un sh\u014dnen ou d\u2019un sh\u014djo ? Alors ne laisse pas ton talent dormir dans tes cahiers ! <\/p>\n\n\n\n<h2 class=\"wp-block-heading\">Participe au Mangathlon, le concours de cr\u00e9ation de mangas et de Yonkoma entre \u00e9tablissements scolaires ! <\/h2>\n\n\n\n<p>Le Mangathlon, c\u2019est :<\/p>\n\n\n\n<ul class=\"wp-block-list\">\n<li>Un concours ouvert aux \u00e9l\u00e8ves du primaire, coll\u00e8ge et lyc\u00e9e<\/li>\n\n\n\n<li>Une chance de montrer ce que tu sais faire en dessin, narration et imagination<\/li>\n\n\n\n<li>Possibilit\u00e9 de participer seul ou en groupe<\/li>\n\n\n\n<li>Un moyen de voir ton \u0153uvre publi\u00e9e dans un vrai livre<\/li>\n\n\n\n<li>L\u2019occasion de gagner des prix et des goodies styl\u00e9s <\/li>\n<\/ul>\n\n\n\n<h2 class=\"wp-block-heading\">Deux formats, deux fois plus de fun :<\/h2>\n\n\n\n<p><strong>Manga<\/strong> : raconte ton histoire avec plusieurs pages comme un vrai mangaka<br><strong>Yonkoma<\/strong> : un manga en 4 cases, rapide, dr\u00f4le et percutant !<\/p>\n\n\n\n<h2 class=\"wp-block-heading\">Pourquoi tu devrais en parler \u00e0 ton prof, \u00e0 ton CDI ou encore \u00e0 la vie scolaire ?<\/h2>\n\n\n\n<p>\u27a1\ufe0f Parce que c\u2019est ton \u00e9cole qui doit t\u2019inscrire !<br>\u27a1\ufe0f Parce que c\u2019est l\u2019occasion de travailler sur un vrai projet artistique<br>\u27a1\ufe0f Parce que tu n\u2019as rien \u00e0 perdre\u2026 et tout \u00e0 partager <\/p>\n\n\n\n<h2 class=\"wp-block-heading\">Comment participer ?<\/h2>\n\n\n\n<p>\ud83d\udce3 Parle-en \u00e0 ton prof d\u2019art plastique, ton prof principal, au CDI ou \u00e0 la vie scolaire de ton \u00e9cole<br>\ud83d\udce9 Demande-leur de contacter : <strong><a class=\"\">mangathlon@gmail.com<\/a><\/strong><br>\ud83c\udf10 Plus d\u2019infos : <a class=\"\" href=\"http:\/\/www.mangathlon.com\">www.mangathlon.com<\/a><\/p>\n\n\n\n<p><strong>Alors, pr\u00eat(e) \u00e0 sortir ton crayon et vivre une aventure artistique ?<\/strong><br>Fais partie des mangakas en herbe de <strong>l&rsquo;\u00e9dition 2026<\/strong>\u2026 et que ton \u00e9cole devienne championne du Mangathlon !<\/p>\n","protected":false},"excerpt":{"rendered":"<p>Tu aimes dessiner ? Tu lis des mangas ? Ce concours est fait pour toi ! Tu passes des heures \u00e0 dessiner tes personnages ? Tu imagines des histoires dignes d\u2019un sh\u014dnen ou d\u2019un sh\u014djo ? Alors ne laisse pas ton talent dormir dans tes cahiers ! Participe au Mangathlon, <a href=\"https:\/\/mangathlon.com\/index.php\/be-pin-posts-2\/\" class=\"read-more\">Continue Reading<i class=\"ion-ios-arrow-right read-more-right\"><\/i><\/a><\/p>\n","protected":false},"author":1,"featured_media":0,"parent":0,"menu_order":0,"comment_status":"closed","ping_status":"closed","template":"","meta":{"footnotes":""},"class_list":["post-238","page","type-page","status-publish","hentry"],"_links":{"self":[{"href":"https:\/\/mangathlon.com\/index.php\/wp-json\/wp\/v2\/pages\/238","targetHints":{"allow":["GET"]}}],"collection":[{"href":"https:\/\/mangathlon.com\/index.php\/wp-json\/wp\/v2\/pages"}],"about":[{"href":"https:\/\/mangathlon.com\/index.php\/wp-json\/wp\/v2\/types\/page"}],"author":[{"embeddable":true,"href":"https:\/\/mangathlon.com\/index.php\/wp-json\/wp\/v2\/users\/1"}],"replies":[{"embeddable":true,"href":"https:\/\/mangathlon.com\/index.php\/wp-json\/wp\/v2\/comments?post=238"}],"version-history":[{"count":3,"href":"https:\/\/mangathlon.com\/index.php\/wp-json\/wp\/v2\/pages\/238\/revisions"}],"predecessor-version":[{"id":247,"href":"https:\/\/mangathlon.com\/index.php\/wp-json\/wp\/v2\/pages\/238\/revisions\/247"}],"wp:attachment":[{"href":"https:\/\/mangathlon.com\/index.php\/wp-json\/wp\/v2\/media?parent=238"}],"curies":[{"name":"wp","href":"https:\/\/api.w.org\/{rel}","templated":true}]}}